{"id":4542,"date":"2016-11-18T17:06:11","date_gmt":"2016-11-18T16:06:11","guid":{"rendered":"http:\/\/colatra.com\/contact\/"},"modified":"2023-10-27T14:00:45","modified_gmt":"2023-10-27T12:00:45","slug":"kontakt","status":"publish","type":"page","link":"https:\/\/colatra.com\/pl\/kontakt\/","title":{"rendered":"Kontakt"},"content":{"rendered":"<section class=\"wpb-content-wrapper\">[vc_row sharai_khana_custom_class=&#8221;section-content-block&#8221; wiz_custom_class=&#8221;section-content-block&#8221; el_class=&#8221;title-box&#8221;][vc_column css=&#8221;.vc_custom_1688112802586{margin-top: 100px !important;}&#8221;][vc_row_inner][vc_column_inner]<div class=\"row section-heading-wrapper\">\n                            <div class=\"col-md-12 col-sm-12 text-left\">\n                                \n                                \n                                <h2 class=\"section-heading\" >Kontakt<\/h2>\n                            <\/div>\n                        <\/div>[vc_column_text]Kupujesz lub sprzedajesz FMCG? Sprawd\u017a, co mo\u017cemy dla Ciebie zrobi\u0107.[\/vc_column_text][\/vc_column_inner][\/vc_row_inner][\/vc_column][\/vc_row][vc_row sharai_khana_custom_class=&#8221;section-content-block&#8221; wiz_custom_class=&#8221;section-content-block&#8221;][vc_column][vc_row_inner][vc_column_inner width=&#8221;1\/2&#8243;]\n<div class=\"wpcf7 no-js\" id=\"wpcf7-f5050-o1\" lang=\"en-US\" dir=\"ltr\">\n<div class=\"screen-reader-response\"><p role=\"status\" aria-live=\"polite\" aria-atomic=\"true\"><\/p> <ul><\/ul><\/div>\n<form action=\"\/pl\/wp-json\/wp\/v2\/pages\/4542#wpcf7-f5050-o1\" method=\"post\" class=\"wpcf7-form init\" aria-label=\"Contact form\" novalidate=\"novalidate\" data-status=\"init\">\n<div style=\"display: none;\">\n<input type=\"hidden\" name=\"_wpcf7\" value=\"5050\" \/>\n<input type=\"hidden\" name=\"_wpcf7_version\" value=\"5.7.7\" \/>\n<input type=\"hidden\" name=\"_wpcf7_locale\" value=\"en_US\" \/>\n<input type=\"hidden\" name=\"_wpcf7_unit_tag\" value=\"wpcf7-f5050-o1\" \/>\n<input type=\"hidden\" name=\"_wpcf7_container_post\" value=\"0\" \/>\n<input type=\"hidden\" name=\"_wpcf7_posted_data_hash\" value=\"\" \/>\n<\/div>\n<p><span class=\"wpcf7-form-control-wrap\" data-name=\"your-name\"><input size=\"40\" class=\"wpcf7-form-control wpcf7-text wpcf7-validates-as-required\" aria-required=\"true\" aria-invalid=\"false\" placeholder=\"Imi\u0119 i nazwisko\" value=\"\" type=\"text\" name=\"your-name\" \/><\/span>\n<\/p>\n<p><span class=\"wpcf7-form-control-wrap\" data-name=\"your-company\"><input size=\"40\" class=\"wpcf7-form-control wpcf7-text wpcf7-validates-as-required\" aria-required=\"true\" aria-invalid=\"false\" placeholder=\"Firma\" value=\"\" type=\"text\" name=\"your-company\" \/><\/span>\n<\/p>\n<p><span class=\"wpcf7-form-control-wrap\" data-name=\"your-email\"><input size=\"40\" class=\"wpcf7-form-control wpcf7-text wpcf7-email wpcf7-validates-as-required wpcf7-validates-as-email\" aria-required=\"true\" aria-invalid=\"false\" placeholder=\"Email\" value=\"\" type=\"email\" name=\"your-email\" \/><\/span>\n<\/p>\n<p><span class=\"wpcf7-form-control-wrap\" data-name=\"your-phone\"><input size=\"40\" class=\"wpcf7-form-control wpcf7-text wpcf7-validates-as-required\" aria-required=\"true\" aria-invalid=\"false\" placeholder=\"Nr telefonu\" value=\"\" type=\"text\" name=\"your-phone\" \/><\/span>\n<\/p>\n<p><span class=\"wpcf7-form-control-wrap\" data-name=\"your-message\"><textarea cols=\"40\" rows=\"5\" class=\"wpcf7-form-control wpcf7-textarea wpcf7-validates-as-required\" aria-required=\"true\" aria-invalid=\"false\" placeholder=\"Wiadomo\u015b\u0107\" name=\"your-message\"><\/textarea><\/span>\n<\/p>\n<p><input class=\"wpcf7-form-control has-spinner wpcf7-submit btn-theme btn-square btn\" type=\"submit\" value=\"Wy\u015blij\" \/>\n<\/p><div class=\"wpcf7-response-output\" aria-hidden=\"true\"><\/div>\n<\/form>\n<\/div>\n[\/vc_column_inner][vc_column_inner el_class=&#8221;contact-info&#8221; width=&#8221;1\/2&#8243; css=&#8221;.vc_custom_1690364517141{margin-top: 12px !important;padding-top: 12px !important;}&#8221;][vc_column_text]Colatra Sp. z o.o.<\/p>\n<p>Szyszkowa 35\/37 C, 02-285 Warszawa<\/p>\n<p>&nbsp;<\/p>\n<p><a href=\"tel:602172202\">(+48) 602172202<\/a><\/p>\n<p><a href=\"mailto:hello@colatra.com\">hello@colatra.com<\/a><\/p>\n<p>&nbsp;<\/p>\n<div style=\"display: inline;\">Do\u0142\u0105cz do nas <i class=\"fa-brands fa-linkedin\" style=\"display: inline;\"><\/i><\/div>\n[\/vc_column_text][\/vc_column_inner][\/vc_row_inner][\/vc_column][\/vc_row]\n<\/section>","protected":false},"excerpt":{"rendered":"<p>[vc_row sharai_khana_custom_class=&#8221;section-content-block&#8221; wiz_custom_class=&#8221;section-content-block&#8221; el_class=&#8221;title-box&#8221;][vc_column css=&#8221;.vc_custom_1688112802586{margin-top: 100px !important;}&#8221;][vc_row_inner][vc_column_inner][vc_column_text]Kupujesz lub sprzedajesz FMCG? Sprawd\u017a, co mo\u017cemy dla Ciebie zrobi\u0107.[\/vc_column_text][\/vc_column_inner][\/vc_row_inner][\/vc_column][\/vc_row][vc_row sharai_khana_custom_class=&#8221;section-content-block&#8221; wiz_custom_class=&#8221;section-content-block&#8221;][vc_column][vc_row_inner][vc_column_inner width=&#8221;1\/2&#8243;][\/vc_column_inner][vc_column_inner el_class=&#8221;contact-info&#8221; width=&#8221;1\/2&#8243; css=&#8221;.vc_custom_1690364517141{margin-top: 12px !important;padding-top: 12px !important;}&#8221;][vc_column_text]Colatra Sp. z o.o. Szyszkowa 35\/37 C, 02-285 Warszawa &nbsp; (+48) 602172202 hello@colatra.com &nbsp; Do\u0142\u0105cz do nas [\/vc_column_text][\/vc_column_inner][\/vc_row_inner][\/vc_column][\/vc_row]<\/p>\n","protected":false},"author":1,"featured_media":0,"parent":0,"menu_order":0,"comment_status":"closed","ping_status":"closed","template":"template-homepage.php","meta":{"footnotes":""},"_links":{"self":[{"href":"https:\/\/colatra.com\/pl\/wp-json\/wp\/v2\/pages\/4542"}],"collection":[{"href":"https:\/\/colatra.com\/pl\/wp-json\/wp\/v2\/pages"}],"about":[{"href":"https:\/\/colatra.com\/pl\/wp-json\/wp\/v2\/types\/page"}],"author":[{"embeddable":true,"href":"https:\/\/colatra.com\/pl\/wp-json\/wp\/v2\/users\/1"}],"replies":[{"embeddable":true,"href":"https:\/\/colatra.com\/pl\/wp-json\/wp\/v2\/comments?post=4542"}],"version-history":[{"count":18,"href":"https:\/\/colatra.com\/pl\/wp-json\/wp\/v2\/pages\/4542\/revisions"}],"predecessor-version":[{"id":5067,"href":"https:\/\/colatra.com\/pl\/wp-json\/wp\/v2\/pages\/4542\/revisions\/5067"}],"wp:attachment":[{"href":"https:\/\/colatra.com\/pl\/wp-json\/wp\/v2\/media?parent=4542"}],"curies":[{"name":"wp","href":"https:\/\/api.w.org\/{rel}","templated":true}]}}