{"id":4539,"date":"2017-10-28T07:10:46","date_gmt":"2017-10-28T07:10:46","guid":{"rendered":"http:\/\/colatra.com\/jobs\/"},"modified":"2023-10-20T09:30:43","modified_gmt":"2023-10-20T07:30:43","slug":"oferty-pracy","status":"publish","type":"page","link":"https:\/\/colatra.com\/pl\/oferty-pracy\/","title":{"rendered":"Oferty pracy"},"content":{"rendered":"<section class=\"wpb-content-wrapper\">[vc_row disable_element=&#8221;yes&#8221; sharai_khana_custom_class=&#8221;section-content-block&#8221;][vc_column width=&#8221;1\/3&#8243;][vc_single_image image=&#8221;2548&#8243; img_size=&#8221;full&#8221; el_class=&#8221;theme-custom-box-shadow&#8221;][\/vc_column][vc_column width=&#8221;2\/3&#8243;][vc_column_text]\n<div class=\"single-team-details\">\n<h3>ALEXANDER GARY<\/h3>\n<h4>Chief Physiotherapist<\/h4>\n<p>Lorem ipsum dolor sit amet, consectetuer adipiscing elit. Aenean commodo ligula eget dolor. Aenean massa. Cum sociis natoque penatibus et magnis dis parturient montes, nascetur ridiculus mus. Donec quam felis, ultricies nec, pellentesque eu, pretium quis, sem. Nulla consequat massa quis enim.Aenean massa. Cum sociis natoque penatibus et magnis dis parturient montes, nascetur ridiculus mus. Donec quam felis, ultricies<\/p>\n<p>Donec pede justo, fringilla vel, aliquet nec, vulputate eget, arcu. In enim justo, rhoncus ut, imperdiet a, venenatis vitae, justo.Nullam dictum felis eu pede mollis pretium. Integer tincidunt. Aenean vulputate eleifend tellus. Aenean leo ligula, porttitor eu, consequat vitae, eleifend ac, enim.<\/p>\n<p><a class=\"btn btn-theme btn-theme-invert btn-square\" href=\"#\">Get Appointment<\/a><\/p>\n<\/div>\n[\/vc_column_text][\/vc_column][\/vc_row][vc_row disable_element=&#8221;yes&#8221; sharai_khana_custom_class=&#8221;section-content-block&#8221; css=&#8221;.vc_custom_1687516084716{background-color: #edf0f2 !important;}&#8221;][vc_column]<div class=\"row section-heading-wrapper\">\n                            <div class=\"col-md-12 col-sm-12 text-center\">\n                                <h4 class=\"section-subheading\">Pricing<\/h4>\n                                <span class=\"heading-separator\"><\/span>\n                                <h2 class=\"section-heading\" >FLEXIBLE REPAIR PLANS<\/h2>\n                            <\/div>\n                        <\/div><div class=\"item_3 row \"><div class=\"col-md-4 col-md-offset-0 col-sm-6 col-sm-offset-0 col-xs-12 col-xs-offset-0 sharai_khana_custom kc_2842998340\"  data-custom_style=\".kc_2842998340 .price-table-layout-1{ background: #fafafa !important;}.kc_2842998340 .price-table-layout-1 h2.title { color: #00595a !important;}\">\n\n                        <div class=\"price-table-layout-1  text-center  \">                        \n\n                            <div class=\"price-table-header\">\n                                 \n                                <h2 class=\"title\">STANDARD<\/h2>   \n                                <span class=\"subtitle text-uppercase\"><\/span>\n                                <span class=\"currency\">$<\/span>\n                                <span class=\"price-value\">199<\/span>        \n                                \n                            <\/div>\n                            <div class=\"pricing-content\">\n                                  <div class=\"sharai_khana-pricing-container-details\">\n                                                    Package includes standard repair options including OS installation, data recovery services.\n                                                    <\/div>  \n                                  <a href=\"\" class=\"btn-theme price-plan-btn \">GET STARTED<\/a>\n                            <\/div> \n                            \n                        <\/div><!-- end .pricing-container  -->  \n\n                    <\/div> <!-- end .col-md-3  --><div class=\"col-md-4 col-md-offset-0 col-sm-6 col-sm-offset-0 col-xs-12 col-xs-offset-0 sharai_khana_custom kc_3858133211\" >\n\n                        <div class=\"price-table-layout-1 sharai_khana-pricing-highlight text-center  \">                        \n\n                            <div class=\"price-table-header\">\n                                 \n                                <h2 class=\"title\">CORPORATE<\/h2>   \n                                <span class=\"subtitle text-uppercase\"><\/span>\n                                <span class=\"currency\">$<\/span>\n                                <span class=\"price-value\">299<\/span>        \n                                \n                            <\/div>\n                            <div class=\"pricing-content\">\n                                  <div class=\"sharai_khana-pricing-container-details\">\n                                                    Package includes corporate repair options including server installation, premium one to one support.\n                                                    <\/div>  \n                                  <a href=\"\" class=\"btn-theme price-plan-btn \">GET STARTED<\/a>\n                            <\/div> \n                            \n                        <\/div><!-- end .pricing-container  -->  \n\n                    <\/div> <!-- end .col-md-3  --><div class=\"col-md-4 col-md-offset-0 col-sm-6 col-sm-offset-0 col-xs-12 col-xs-offset-0 sharai_khana_custom kc_1939420709\"  data-custom_style=\".kc_1939420709 .price-table-layout-1{ background: #FAFAFA !important;}.kc_1939420709 .price-table-layout-1 h2.title { color: #00595a !important;}.kc_1939420709 .price-table-layout-1 .price-value { color: #80b435 !important;}.kc_1939420709 .price-table-layout-1 .month{ color: #646E7A !important;}.kc_1939420709 .price-table-layout-1 .currency { color: #659088 !important;}\">\n\n                        <div class=\"price-table-layout-1  text-center  \">                        \n\n                            <div class=\"price-table-header\">\n                                 \n                                <h2 class=\"title\">ENTERPRISE<\/h2>   \n                                <span class=\"subtitle text-uppercase\"><\/span>\n                                <span class=\"currency\">$<\/span>\n                                <span class=\"price-value\">499<\/span>        \n                                \n                            <\/div>\n                            <div class=\"pricing-content\">\n                                  <div class=\"sharai_khana-pricing-container-details\">\n                                                    Package includes business level repair options including data center setup and direct one to one support.\n                                                    <\/div>  \n                                  <a href=\"\" class=\"btn-theme price-plan-btn \">GET STARTED<\/a>\n                            <\/div> \n                            \n                        <\/div><!-- end .pricing-container  -->  \n\n                    <\/div> <!-- end .col-md-3  --><\/div><!-- end .row  -->[\/vc_column][\/vc_row][vc_row parallax=&#8221;content-moving&#8221; parallax_image=&#8221;4860&#8243; parallax_speed_bg=&#8221;1&#8243; el_class=&#8221;section-banner text-left section-black-50-overlay banner-jobs&#8221;][vc_column][vc_column_text]\n<div class=\"banner-content\">\n<h2>Pracuj z nami<\/h2>\n<h3>Bezustannie szukamy utalentowanych os\u00f3b.<\/h3>\n<h3>Czujesz, \u017ce mo\u017cesz wnie\u015b\u0107 co\u015b do naszego zespo\u0142u?<br \/>\nSkontaktuj si\u0119 z nami pod adresem <a href=\"mailto:hr@colatra.com\">hr@colatra.com<\/a> lub odwied\u017a nasz profil na<a href=\"https:\/\/www.pracuj.pl\/\"> pracuj.pl<\/a>.<\/h3>\n<h4><\/h4>\n<\/div>\n[\/vc_column_text][\/vc_column][\/vc_row][vc_row disable_element=&#8221;yes&#8221; css=&#8221;.vc_custom_1688112273419{margin-top: 100px !important;margin-right: 20px !important;margin-bottom: 100px !important;margin-left: 20px !important;}&#8221; el_class=&#8221;.section-heading-wrapper&#8221;][vc_column][vc_column_text]\n<h2 class=\"section-heading\" style=\"text-align: center;\">Feel you could bring something to our team? Contact us at <a href=\"mailto:hr@colatra.com\">hr@colatra.com<\/a> or visit our profile on <a href=\"https:\/\/www.pracuj.pl\/\">pracuj.pl<\/a>.<\/h2>\n[\/vc_column_text][\/vc_column][\/vc_row]\n<\/section>","protected":false},"excerpt":{"rendered":"<p>[vc_row disable_element=&#8221;yes&#8221; sharai_khana_custom_class=&#8221;section-content-block&#8221;][vc_column width=&#8221;1\/3&#8243;][vc_single_image image=&#8221;2548&#8243; img_size=&#8221;full&#8221; el_class=&#8221;theme-custom-box-shadow&#8221;][\/vc_column][vc_column width=&#8221;2\/3&#8243;][vc_column_text] ALEXANDER GARY Chief Physiotherapist Lorem ipsum dolor sit amet, consectetuer adipiscing elit. Aenean commodo ligula eget dolor. Aenean massa. Cum sociis natoque penatibus et magnis dis parturient montes, nascetur ridiculus mus. Donec quam felis, ultricies nec, pellentesque eu, pretium quis, sem. Nulla consequat massa quis enim.Aenean massa. [&hellip;]<\/p>\n","protected":false},"author":1,"featured_media":0,"parent":0,"menu_order":0,"comment_status":"closed","ping_status":"closed","template":"template-homepage.php","meta":{"footnotes":""},"_links":{"self":[{"href":"https:\/\/colatra.com\/pl\/wp-json\/wp\/v2\/pages\/4539"}],"collection":[{"href":"https:\/\/colatra.com\/pl\/wp-json\/wp\/v2\/pages"}],"about":[{"href":"https:\/\/colatra.com\/pl\/wp-json\/wp\/v2\/types\/page"}],"author":[{"embeddable":true,"href":"https:\/\/colatra.com\/pl\/wp-json\/wp\/v2\/users\/1"}],"replies":[{"embeddable":true,"href":"https:\/\/colatra.com\/pl\/wp-json\/wp\/v2\/comments?post=4539"}],"version-history":[{"count":5,"href":"https:\/\/colatra.com\/pl\/wp-json\/wp\/v2\/pages\/4539\/revisions"}],"predecessor-version":[{"id":5037,"href":"https:\/\/colatra.com\/pl\/wp-json\/wp\/v2\/pages\/4539\/revisions\/5037"}],"wp:attachment":[{"href":"https:\/\/colatra.com\/pl\/wp-json\/wp\/v2\/media?parent=4539"}],"curies":[{"name":"wp","href":"https:\/\/api.w.org\/{rel}","templated":true}]}}