{"id":4536,"date":"2017-01-14T07:04:37","date_gmt":"2017-01-14T06:04:37","guid":{"rendered":"http:\/\/colatra.com\/our-company\/"},"modified":"2023-10-27T14:12:19","modified_gmt":"2023-10-27T12:12:19","slug":"nasza-firma","status":"publish","type":"page","link":"https:\/\/colatra.com\/pl\/nasza-firma\/","title":{"rendered":"Nasza firma"},"content":{"rendered":"<section class=\"wpb-content-wrapper\">[vc_row parallax=&#8221;content-moving&#8221; parallax_image=&#8221;3901&#8243; el_class=&#8221;section-banner text-left section-black-50-overlay banner-company&#8221;][vc_column][vc_column_text]\n<div class=\"banner-content\">\n<h2>O nas<\/h2>\n<\/div>\n[\/vc_column_text][\/vc_column][\/vc_row][vc_row sharai_khana_custom_class=&#8221;section-content-block&#8221; css=&#8221;.vc_custom_1687525783815{background-color: #ffffff !important;}&#8221; el_class=&#8221;vision-company&#8221;][vc_column offset=&#8221;vc_col-lg-6 vc_col-md-6 vc_col-xs-12&#8243;]<div class=\"row section-heading-wrapper\">\n                            <div class=\"col-md-12 col-sm-12 text-left\">\n                                \n                                \n                                <h2 class=\"section-heading\" >Poznajmy si\u0119<\/h2>\n                            <\/div>\n                        <\/div>[vc_column_text]Specjalizujemy si\u0119 w handlu FMCG. Jeste\u015bmy dumni z naszego d\u0142ugoterminowego podej\u015bcia skupionego na klientach.<\/p>\n<p>Colatra \u0142\u0105czy do\u015bwiadczenie handlowe oraz wiedz\u0119 o produktach mi\u0119dzynarodowych marek FMCG z ekspertyz\u0105 operacyjn\u0105 w optymalizacji \u0142a\u0144cucha dostaw.<\/p>\n<p>Dzi\u0119ki wieloletniemu do\u015bwiadczeniu w mi\u0119dzynarodowych sieciach handlowych w Europie \u015arodkowo-Wschodniej (Auchan, Tesco, Eurocash, BP, Pepco), mamy \u0142atwy dost\u0119p do os\u00f3b podejmuj\u0105cych decyzje w organizacjach handlowych: sieciach handlowych oraz najwi\u0119kszych dystrybutorach produkt\u00f3w FMCG.[\/vc_column_text][\/vc_column][vc_column offset=&#8221;vc_col-lg-6 vc_col-md-6 vc_col-xs-12&#8243; el_class=&#8221;vision-foto&#8221;][vc_empty_space height=&#8221;30px&#8221; el_class=&#8221;mobile-space&#8221;][vc_single_image image=&#8221;3902&#8243; img_size=&#8221;full&#8221; alignment=&#8221;right&#8221;][\/vc_column][\/vc_row][vc_row sharai_khana_custom_class=&#8221;section-content-block&#8221; css=&#8221;.vc_custom_1691576314593{background-color: #ffffff !important;}&#8221;][vc_column][vc_column_text]<span style=\"font-size: 120%; color: black; line-height: 200%; font-weight: 600;\">Colatra oferuje szeroki zakres profesjonalnych rozwi\u0105za\u0144. Otwieramy rynki dla nowych marek oraz dostosowujemy produkty do lokalnych specyfikacji. Ostatecznie proponujemy szeroki wachlarz rozwi\u0105za\u0144 transportowych i logistycznych, w\u0142\u0105czaj\u0105c w to t\u0142umaczenie etykiet i przepakowywanie produkt\u00f3w zgodnie z potrzebami klient\u00f3w.<\/span>[\/vc_column_text][\/vc_column][\/vc_row][vc_row sharai_khana_custom_class=&#8221;section-content-block&#8221; css=&#8221;.vc_custom_1688111970687{background-color: #ff5522 !important;background-position: center !important;background-repeat: no-repeat !important;background-size: cover !important;}&#8221; el_class=&#8221;cta-section&#8221;][vc_column]<div class=\"row\"><div class=\"text-center cta-layout-1\">\n                                <div class=\"col-lg-12 col-md-12 col-sm-12 col-xs-12\">\n                                    \n<h2><span style=\"color: #ffffff;\">Kupujesz lub sprzedajesz FMCG?<\/span><\/h2>\n<h3>Sprawd\u017a, co mo\u017cemy dla Ciebie zrobi\u0107.<\/h3>\n\n                                <\/div>\n                                <div class=\"col-lg-12 col-md-12 col-sm-12 col-xs-12\">\n                                    <a href=\"https:\/\/colatra.com\/pl\/kontakt\/\" title=\"Porozmawiajmy\"   class=\"btn  sharai_khana_custom kc_3055570207 btn-theme  \"  data-custom_style=\"a.kc_3055570207 {background:#08193e !important; color:#ffffff !important; border:0px solid #4a4a4a !important; border-radius:32px !important;}a.kc_3055570207:hover {background: #ffffff !important; color: #000000 !important; border:0px solid #ffffff !important; border-radius: 32px !important;}\">Porozmawiajmy<\/a>\n                                <\/div>\n                            <\/div><\/div>[\/vc_column][\/vc_row][vc_row sharai_khana_custom_class=&#8221;section-content-block&#8221; css=&#8221;.vc_custom_1691576713600{margin-top: 160px !important;background-color: #ffffff !important;}&#8221; el_class=&#8221;mision-company-desktop&#8221;][vc_column offset=&#8221;vc_col-lg-6 vc_col-md-6 vc_col-xs-12&#8243;][vc_single_image image=&#8221;4866&#8243; img_size=&#8221;full&#8221; alignment=&#8221;right&#8221;][\/vc_column][vc_column offset=&#8221;vc_col-lg-6 vc_col-md-6 vc_col-xs-12&#8243; el_class=&#8221;vision-foto&#8221; css=&#8221;.vc_custom_1698407441408{padding-left: 30px !important;}&#8221;]<div class=\"row section-heading-wrapper\">\n                            <div class=\"col-md-12 col-sm-12 text-center\">\n                                \n                                \n                                <h2 class=\"section-heading\" >Misja<\/h2>\n                            <\/div>\n                        <\/div>[vc_column_text]Zapewniamy naszym klientom p\u0142ynno\u015b\u0107 dzia\u0142ania, gwarantuj\u0105c regularne dostawy renomowanych produkt\u00f3w.[\/vc_column_text]<div class=\"row section-heading-wrapper\">\n                            <div class=\"col-md-12 col-sm-12 text-center\">\n                                \n                                \n                                <h2 class=\"section-heading text-left\" >Wizja<\/h2>\n                            <\/div>\n                        <\/div>[vc_column_text]\n<div class=\"about-us-intro\" style=\"text-align: left;\">By\u0107 niezast\u0105pionym ogniwem w globalnym handlu FMCG.<\/div>\n[\/vc_column_text][\/vc_column][\/vc_row][vc_row sharai_khana_custom_class=&#8221;section-content-block&#8221; el_class=&#8221;company-icon&#8221; css=&#8221;.vc_custom_1691580602349{margin-top: -100px !important;}&#8221;][vc_column][vc_row_inner][vc_column_inner]<div class=\"item_2 row\"  data-item_page=\"2\"><div class=\"col-md-6 col-sm-12 col-xs-12 \">\n                                <article class=\"highlight-layout-1 text-center \" data-custom_style=\".kc_3396188462{border-color: #EBEBEB; background: #ffffff;}.kc_3396188462:hover{background: #fbfbfb;}.kc_3396188462 a.btn{border-color: #EBEBEB;}.kc_3396188462 span{color: #ffffff; background: #40c1f0;}.kc_3396188462:hover span{color: #fafafa; background: #fbfbfb;}.kc_3396188462 h2::after{background: #40c1f0;}.kc_3396188462:hover h2::after{background: #fafafa;}.kc_3396188462:hover a.btn{background: #40c1f0; border-color: #40c1f0; }\">\n                                    \n                                    <a href=\"#\"  class=\"img-responsive\" title=\"Do\u015bwiadczenie\"><img src=\"https:\/\/colatra.com\/wp-content\/uploads\/2023\/07\/experience-icon.svg\" class=\"attachment-full size-full\" alt=\"\" decoding=\"async\" loading=\"lazy\" \/><\/a>\n                                    <h2>Do\u015bwiadczenie<\/h2>\n                                    <p>Jeste\u015bmy grup\u0105 profesjonalist\u00f3w z ponad 25-letnim do\u015bwiadczeniem w pracy w mi\u0119dzynarodowych sieciach handlowych, posiadaj\u0105c\u0105 doskona\u0142\u0105 wiedz\u0119 na temat produkt\u00f3w i \u017ar\u00f3de\u0142 dostaw.<\/p>\n                                    \n                                <\/article>\n                            <\/div><div class=\"col-md-6 col-sm-12 col-xs-12 \">\n                                <article class=\"highlight-layout-1 text-center \">\n                                    \n                                    <a href=\"#\"  class=\"img-responsive\" title=\"Wsp\u00f3\u0142praca\"><img src=\"https:\/\/colatra.com\/wp-content\/uploads\/2023\/08\/Colatra-logo-ikony_8b-1.svg\" class=\"attachment-full size-full\" alt=\"\" decoding=\"async\" loading=\"lazy\" \/><\/a>\n                                    <h2>Wsp\u00f3\u0142praca<\/h2>\n                                    <p>Wsp\u00f3\u0142pracujemy z naszymi dostawcami, realizuj\u0105c wsp\u00f3lne projekty dystrybucji produkt\u00f3w na rynkach Europy \u015arodkowo-Wschodniej (CEE).<\/p>\n                                    \n                                <\/article>\n                            <\/div><\/div><div class=\"item_2 row\"  data-item_page=\"2\"><div class=\"col-md-6 col-sm-12 col-xs-12 \">\n                                <article class=\"highlight-layout-1 text-center \">\n                                    \n                                    <a href=\"#\"  class=\"img-responsive\" title=\"Logistyka\"><img src=\"https:\/\/colatra.com\/wp-content\/uploads\/2023\/07\/logistics-icon.svg\" class=\"attachment-full size-full\" alt=\"\" decoding=\"async\" loading=\"lazy\" \/><\/a>\n                                    <h2>Logistyka<\/h2>\n                                    <p>Wsp\u00f3\u0142pracujemy z firm\u0105 TBX Logistics, korzystaj\u0105c z jej floty i sieci magazynowej. Ich sta\u0142e trasy w ramach UE i Wielkiej Brytanii umo\u017cliwiaj\u0105 szybkie przemieszczanie naszych produkt\u00f3w.<\/p>\n                                    \n                                <\/article>\n                            <\/div><div class=\"col-md-6 col-sm-12 col-xs-12 \">\n                                <article class=\"highlight-layout-1 text-center \">\n                                    \n                                    <a href=\"#\"  class=\"img-responsive\" title=\"Stabilno\u015b\u0107\"><img src=\"https:\/\/colatra.com\/wp-content\/uploads\/2023\/07\/stability-icon.svg\" class=\"attachment-full size-full\" alt=\"\" decoding=\"async\" loading=\"lazy\" \/><\/a>\n                                    <h2>Stabilno\u015b\u0107<\/h2>\n                                    <p>Jeste\u015bmy wspierani przez silnego inwestora - firm\u0119 Targban, kt\u00f3ra ma ponad 30-letnie do\u015bwiadczenie w handlu na rynkach mi\u0119dzynarodowych. Jest jednym z najwi\u0119kszych dystrybutor\u00f3w owoc\u00f3w i warzyw w Polsce. Targban posiada tak\u017ce doskona\u0142\u0105 ocen\u0119 kredytow\u0105 wed\u0142ug Euler Hermes.<\/p>\n                                    \n                                <\/article>\n                            <\/div><\/div>[\/vc_column_inner][\/vc_row_inner][\/vc_column][\/vc_row]\n<\/section>","protected":false},"excerpt":{"rendered":"<p>[vc_row parallax=&#8221;content-moving&#8221; parallax_image=&#8221;3901&#8243; el_class=&#8221;section-banner text-left section-black-50-overlay banner-company&#8221;][vc_column][vc_column_text] O nas [\/vc_column_text][\/vc_column][\/vc_row][vc_row sharai_khana_custom_class=&#8221;section-content-block&#8221; css=&#8221;.vc_custom_1687525783815{background-color: #ffffff !important;}&#8221; el_class=&#8221;vision-company&#8221;][vc_column offset=&#8221;vc_col-lg-6 vc_col-md-6 vc_col-xs-12&#8243;][vc_column_text]Specjalizujemy si\u0119 w handlu FMCG. Jeste\u015bmy dumni z naszego d\u0142ugoterminowego podej\u015bcia skupionego na klientach. Colatra \u0142\u0105czy do\u015bwiadczenie handlowe oraz wiedz\u0119 o produktach mi\u0119dzynarodowych marek FMCG z ekspertyz\u0105 operacyjn\u0105 w optymalizacji \u0142a\u0144cucha dostaw. Dzi\u0119ki wieloletniemu do\u015bwiadczeniu w mi\u0119dzynarodowych sieciach [&hellip;]<\/p>\n","protected":false},"author":1,"featured_media":0,"parent":0,"menu_order":0,"comment_status":"closed","ping_status":"closed","template":"template-homepage.php","meta":{"footnotes":""},"_links":{"self":[{"href":"https:\/\/colatra.com\/pl\/wp-json\/wp\/v2\/pages\/4536"}],"collection":[{"href":"https:\/\/colatra.com\/pl\/wp-json\/wp\/v2\/pages"}],"about":[{"href":"https:\/\/colatra.com\/pl\/wp-json\/wp\/v2\/types\/page"}],"author":[{"embeddable":true,"href":"https:\/\/colatra.com\/pl\/wp-json\/wp\/v2\/users\/1"}],"replies":[{"embeddable":true,"href":"https:\/\/colatra.com\/pl\/wp-json\/wp\/v2\/comments?post=4536"}],"version-history":[{"count":21,"href":"https:\/\/colatra.com\/pl\/wp-json\/wp\/v2\/pages\/4536\/revisions"}],"predecessor-version":[{"id":5070,"href":"https:\/\/colatra.com\/pl\/wp-json\/wp\/v2\/pages\/4536\/revisions\/5070"}],"wp:attachment":[{"href":"https:\/\/colatra.com\/pl\/wp-json\/wp\/v2\/media?parent=4536"}],"curies":[{"name":"wp","href":"https:\/\/api.w.org\/{rel}","templated":true}]}}